{"id":103567,"date":"2025-12-23T12:30:15","date_gmt":"2025-12-23T11:30:15","guid":{"rendered":"https:\/\/audi-klaus.at\/shop\/?post_type=product&#038;p=103567"},"modified":"2026-01-07T23:00:52","modified_gmt":"2026-01-07T22:00:52","slug":"audi-a6-s6-c4-4b-100-s4-c4-pannendreieck-4d5860251-4b5860285-4d0860285a","status":"publish","type":"product","link":"https:\/\/audi-klaus.at\/shop\/produkt\/audi-a6-s6-c4-4b-100-s4-c4-pannendreieck-4d5860251-4b5860285-4d0860285a\/","title":{"rendered":"Audi A6\/S6\/C4\/4B\/100\/S4\/C4 Pannendreieck 4D5860251\/4B5860285\/4D0860285A"},"content":{"rendered":"<h5 class=\"western\"><span style=\"color: #060606\"><span style=\"font-family: Verdana, serif\"><span style=\"font-size: small\"><b>VAG Teilenummer<\/b><\/span><\/span><\/span><span style=\"color: #060606\"><span style=\"font-family: Verdana, serif\"><span style=\"font-size: small\">: 4D5 860 251\/4B5 860 285\/4D0 860 285A<\/span><\/span><\/span><\/h5>\n<h5 class=\"western\"><span style=\"color: #060606\"><span style=\"font-family: Verdana, serif\"><span style=\"font-size: small\"><b>Zustand:<\/b><\/span><\/span><\/span><span style=\"color: #060606\"><span style=\"font-family: Verdana, serif\"><span style=\"font-size: small\">\u00a0 <\/span><\/span><\/span><span style=\"color: #060606\"><span style=\"font-family: Verdana, serif\"><span style=\"font-size: small\"><span lang=\"de-DE\">Gebraucht<\/span><\/span><\/span><\/span><\/h5>\n<h5 class=\"western\"><span style=\"color: #060606\"><span style=\"font-family: Verdana, serif\"><span style=\"font-size: small\"><b>Lieferumfang:<\/b><\/span><\/span><\/span><span style=\"color: #060606\"><span style=\"font-family: Verdana, serif\"><span style=\"font-size: small\">\u00a0wie in den Original-Abbildungen angegeben<\/span><\/span><\/span><\/h5>\n<h5 class=\"western\"><span style=\"color: #060606\"><span style=\"font-family: Verdana, serif\"><span style=\"font-size: small\"><b>Hinweis:<\/b><\/span><\/span><\/span><span style=\"color: #060606\"><span style=\"font-family: Verdana, serif\"><span style=\"font-size: small\">\u00a0Bitte \u00fcberpr\u00fcfen Sie vor dem Kauf anhand der eindeutigen Teilenummern, ob der Artikel zum Fahrzeug passt, um R\u00fccksendungen zu vermeiden! Trotz Angabe der entsprechenden Fahrzeugdaten ist eine eindeutige Zuordnung nur \u00fcber die Teilenummer m\u00f6glich! Die abgelesene Teilenummer ist die Teilenummer des Teils, welches geliefert wird. Die Originalteilnummer ist diejenige, die bei Neubestellung f\u00fcr dieses Teil gilt und der m\u00f6glicherweise abweichenden, gelieferten Teilenummer entspricht. Sollten weitere Fragen offen sein, kontaktieren Sie uns bitte unter\u00a0<\/span><\/span><\/span><a href=\"mailto:office@audi-klaus.at\"><span style=\"color: #0000ff\"><span style=\"font-family: Verdana, serif\"><span style=\"font-size: small\"><u>office@audi-klaus.at<\/u><\/span><\/span><\/span><\/a><\/h5>\n<h5 class=\"western\"><\/h5>\n","protected":false},"excerpt":{"rendered":"<h5><span style=\"font-size: 18pt\"><strong>Marke: Audi<\/strong><\/span><\/h5>\n<h5><span style=\"font-size: 18pt\"><strong>Modell:A6\/<\/strong><\/span><span style=\"font-size: 18pt\"><strong>S6\/<\/strong><\/span><span style=\"font-size: 18pt\"><strong>100\/S4<\/strong><\/span><\/h5>\n<h5><span style=\"font-size: 18pt\"><strong>Typ: C4\/4B<\/strong><\/span><\/h5>\n","protected":false},"featured_media":103572,"template":"","meta":[],"product_brand":[],"product_cat":[642,643,32,658,155,659,171,776,344,786,372,787,586,797,587,590,600],"product_tag":[38377,38378,12004,12005,12969],"class_list":{"0":"post-103567","1":"product","2":"type-product","3":"status-publish","4":"has-post-thumbnail","6":"product_cat-s4","7":"product_cat-s6","8":"product_cat-audi","9":"product_cat-c4-4a-s6","10":"product_cat-155","11":"product_cat-c5-4b","12":"product_cat-c4-1991-1994","13":"product_cat-innenraum-c4-s6","14":"product_cat-innenraum-c4-1991-1994","15":"product_cat-c4-1991-1994-s4","16":"product_cat-a6","17":"product_cat-innenraum-c4-1991-1994-s4","18":"product_cat-c4-4a-1994-1997","19":"product_cat-innenraum-c5","20":"product_cat-c5-4b-1997-2005","21":"product_cat-innenraum-c4-1994-1997","22":"product_cat-innenraum-c5-1997-2005","23":"product_tag-4d5860251","24":"product_tag-ia3927","25":"product_tag-4d0860285a","26":"product_tag-4d0860285","27":"product_tag-4b5860285","29":"first","30":"instock","31":"taxable","32":"shipping-taxable","33":"purchasable","34":"product-type-simple"},"yoast_head":"<!-- This site is optimized with the Yoast SEO plugin v27.5 - https:\/\/yoast.com\/product\/yoast-seo-wordpress\/ -->\n<title>Audi A6\/S6\/C4\/4B\/100\/S4\/C4 Pannendreieck 4D5860251\/4B5860285\/4D0860285A - Audi-Klaus<\/title>\n<meta name=\"description\" content=\"Audi-Klaus Audi A6\/S6\/C4\/4B\/100\/S4\/C4 Pannendreieck 4D5860251\/4B5860285\/4D0860285A Audi A6\/S6\/C4\/4B\/100\/S4\/C4 Pannendreieck 4D5860251\/4B5860285\/4D0860285A\" \/>\n<meta name=\"robots\" content=\"index, follow, max-snippet:-1, max-image-preview:large, max-video-preview:-1\" \/>\n<link rel=\"canonical\" href=\"https:\/\/audi-klaus.at\/shop\/produkt\/audi-a6-s6-c4-4b-100-s4-c4-pannendreieck-4d5860251-4b5860285-4d0860285a\/\" \/>\n<meta property=\"og:locale\" content=\"de_DE\" \/>\n<meta property=\"og:type\" content=\"article\" \/>\n<meta property=\"og:title\" content=\"Audi A6\/S6\/C4\/4B\/100\/S4\/C4 Pannendreieck 4D5860251\/4B5860285\/4D0860285A - Audi-Klaus\" \/>\n<meta property=\"og:description\" content=\"Audi-Klaus Audi A6\/S6\/C4\/4B\/100\/S4\/C4 Pannendreieck 4D5860251\/4B5860285\/4D0860285A Audi A6\/S6\/C4\/4B\/100\/S4\/C4 Pannendreieck 4D5860251\/4B5860285\/4D0860285A\" \/>\n<meta property=\"og:url\" content=\"https:\/\/audi-klaus.at\/shop\/produkt\/audi-a6-s6-c4-4b-100-s4-c4-pannendreieck-4d5860251-4b5860285-4d0860285a\/\" \/>\n<meta property=\"og:site_name\" content=\"Audi-Klaus\" \/>\n<meta property=\"article:publisher\" content=\"https:\/\/www.facebook.com\/audi.klaus.1312\/\" \/>\n<meta property=\"article:modified_time\" content=\"2026-01-07T22:00:52+00:00\" \/>\n<meta property=\"og:image\" content=\"https:\/\/audi-klaus.at\/shop\/wp-content\/uploads\/2025\/12\/IA3927-1.jpg\" \/>\n\t<meta property=\"og:image:width\" content=\"480\" \/>\n\t<meta property=\"og:image:height\" content=\"480\" \/>\n\t<meta property=\"og:image:type\" content=\"image\/jpeg\" \/>\n<meta name=\"twitter:card\" content=\"summary_large_image\" \/>\n<meta name=\"twitter:label1\" content=\"Gesch\u00e4tzte Lesezeit\" \/>\n\t<meta name=\"twitter:data1\" content=\"1 Minute\" \/>\n<script type=\"application\/ld+json\" class=\"yoast-schema-graph\">{\"@context\":\"https:\\\/\\\/schema.org\",\"@graph\":[{\"@type\":\"WebPage\",\"@id\":\"https:\\\/\\\/audi-klaus.at\\\/shop\\\/produkt\\\/audi-a6-s6-c4-4b-100-s4-c4-pannendreieck-4d5860251-4b5860285-4d0860285a\\\/\",\"url\":\"https:\\\/\\\/audi-klaus.at\\\/shop\\\/produkt\\\/audi-a6-s6-c4-4b-100-s4-c4-pannendreieck-4d5860251-4b5860285-4d0860285a\\\/\",\"name\":\"Audi A6\\\/S6\\\/C4\\\/4B\\\/100\\\/S4\\\/C4 Pannendreieck 4D5860251\\\/4B5860285\\\/4D0860285A - Audi-Klaus\",\"isPartOf\":{\"@id\":\"https:\\\/\\\/audi-klaus.at\\\/shop\\\/#website\"},\"primaryImageOfPage\":{\"@id\":\"https:\\\/\\\/audi-klaus.at\\\/shop\\\/produkt\\\/audi-a6-s6-c4-4b-100-s4-c4-pannendreieck-4d5860251-4b5860285-4d0860285a\\\/#primaryimage\"},\"image\":{\"@id\":\"https:\\\/\\\/audi-klaus.at\\\/shop\\\/produkt\\\/audi-a6-s6-c4-4b-100-s4-c4-pannendreieck-4d5860251-4b5860285-4d0860285a\\\/#primaryimage\"},\"thumbnailUrl\":\"https:\\\/\\\/audi-klaus.at\\\/shop\\\/wp-content\\\/uploads\\\/2025\\\/12\\\/IA3927-1.jpg\",\"datePublished\":\"2025-12-23T11:30:15+00:00\",\"dateModified\":\"2026-01-07T22:00:52+00:00\",\"description\":\"Audi-Klaus Audi A6\\\/S6\\\/C4\\\/4B\\\/100\\\/S4\\\/C4 Pannendreieck 4D5860251\\\/4B5860285\\\/4D0860285A Audi A6\\\/S6\\\/C4\\\/4B\\\/100\\\/S4\\\/C4 Pannendreieck 4D5860251\\\/4B5860285\\\/4D0860285A\",\"breadcrumb\":{\"@id\":\"https:\\\/\\\/audi-klaus.at\\\/shop\\\/produkt\\\/audi-a6-s6-c4-4b-100-s4-c4-pannendreieck-4d5860251-4b5860285-4d0860285a\\\/#breadcrumb\"},\"inLanguage\":\"de-AT\",\"potentialAction\":[{\"@type\":\"ReadAction\",\"target\":[\"https:\\\/\\\/audi-klaus.at\\\/shop\\\/produkt\\\/audi-a6-s6-c4-4b-100-s4-c4-pannendreieck-4d5860251-4b5860285-4d0860285a\\\/\"]}]},{\"@type\":\"ImageObject\",\"inLanguage\":\"de-AT\",\"@id\":\"https:\\\/\\\/audi-klaus.at\\\/shop\\\/produkt\\\/audi-a6-s6-c4-4b-100-s4-c4-pannendreieck-4d5860251-4b5860285-4d0860285a\\\/#primaryimage\",\"url\":\"https:\\\/\\\/audi-klaus.at\\\/shop\\\/wp-content\\\/uploads\\\/2025\\\/12\\\/IA3927-1.jpg\",\"contentUrl\":\"https:\\\/\\\/audi-klaus.at\\\/shop\\\/wp-content\\\/uploads\\\/2025\\\/12\\\/IA3927-1.jpg\",\"width\":480,\"height\":480},{\"@type\":\"BreadcrumbList\",\"@id\":\"https:\\\/\\\/audi-klaus.at\\\/shop\\\/produkt\\\/audi-a6-s6-c4-4b-100-s4-c4-pannendreieck-4d5860251-4b5860285-4d0860285a\\\/#breadcrumb\",\"itemListElement\":[{\"@type\":\"ListItem\",\"position\":1,\"name\":\"Startseite\",\"item\":\"https:\\\/\\\/audi-klaus.at\\\/shop\\\/\"},{\"@type\":\"ListItem\",\"position\":2,\"name\":\"Shop\",\"item\":\"https:\\\/\\\/audi-klaus.at\\\/shop\\\/\"},{\"@type\":\"ListItem\",\"position\":3,\"name\":\"Audi A6\\\/S6\\\/C4\\\/4B\\\/100\\\/S4\\\/C4 Pannendreieck 4D5860251\\\/4B5860285\\\/4D0860285A\"}]},{\"@type\":\"WebSite\",\"@id\":\"https:\\\/\\\/audi-klaus.at\\\/shop\\\/#website\",\"url\":\"https:\\\/\\\/audi-klaus.at\\\/shop\\\/\",\"name\":\"Audi-Klaus\",\"description\":\"Ihr Gebrauchtteile Spezialist f\u00fcr die Marken Audi, VW (VAG)\",\"publisher\":{\"@id\":\"https:\\\/\\\/audi-klaus.at\\\/shop\\\/#organization\"},\"potentialAction\":[{\"@type\":\"SearchAction\",\"target\":{\"@type\":\"EntryPoint\",\"urlTemplate\":\"https:\\\/\\\/audi-klaus.at\\\/shop\\\/?s={search_term_string}\"},\"query-input\":{\"@type\":\"PropertyValueSpecification\",\"valueRequired\":true,\"valueName\":\"search_term_string\"}}],\"inLanguage\":\"de-AT\"},{\"@type\":\"Organization\",\"@id\":\"https:\\\/\\\/audi-klaus.at\\\/shop\\\/#organization\",\"name\":\"Audi-Klaus\",\"url\":\"https:\\\/\\\/audi-klaus.at\\\/shop\\\/\",\"logo\":{\"@type\":\"ImageObject\",\"inLanguage\":\"de-AT\",\"@id\":\"https:\\\/\\\/audi-klaus.at\\\/shop\\\/#\\\/schema\\\/logo\\\/image\\\/\",\"url\":\"https:\\\/\\\/audi-klaus.at\\\/shop\\\/wp-content\\\/uploads\\\/2024\\\/10\\\/Logo-Shop.webp\",\"contentUrl\":\"https:\\\/\\\/audi-klaus.at\\\/shop\\\/wp-content\\\/uploads\\\/2024\\\/10\\\/Logo-Shop.webp\",\"width\":470,\"height\":164,\"caption\":\"Audi-Klaus\"},\"image\":{\"@id\":\"https:\\\/\\\/audi-klaus.at\\\/shop\\\/#\\\/schema\\\/logo\\\/image\\\/\"},\"sameAs\":[\"https:\\\/\\\/www.facebook.com\\\/audi.klaus.1312\\\/\",\"https:\\\/\\\/www.instagram.com\\\/audi_klaus\\\/?igshid=1eca3qu2mdayg\"]}]}<\/script>\n<!-- \/ Yoast SEO plugin. -->","yoast_head_json":{"title":"Audi A6\/S6\/C4\/4B\/100\/S4\/C4 Pannendreieck 4D5860251\/4B5860285\/4D0860285A - Audi-Klaus","description":"Audi-Klaus Audi A6\/S6\/C4\/4B\/100\/S4\/C4 Pannendreieck 4D5860251\/4B5860285\/4D0860285A Audi A6\/S6\/C4\/4B\/100\/S4\/C4 Pannendreieck 4D5860251\/4B5860285\/4D0860285A","robots":{"index":"index","follow":"follow","max-snippet":"max-snippet:-1","max-image-preview":"max-image-preview:large","max-video-preview":"max-video-preview:-1"},"canonical":"https:\/\/audi-klaus.at\/shop\/produkt\/audi-a6-s6-c4-4b-100-s4-c4-pannendreieck-4d5860251-4b5860285-4d0860285a\/","og_locale":"de_DE","og_type":"article","og_title":"Audi A6\/S6\/C4\/4B\/100\/S4\/C4 Pannendreieck 4D5860251\/4B5860285\/4D0860285A - Audi-Klaus","og_description":"Audi-Klaus Audi A6\/S6\/C4\/4B\/100\/S4\/C4 Pannendreieck 4D5860251\/4B5860285\/4D0860285A Audi A6\/S6\/C4\/4B\/100\/S4\/C4 Pannendreieck 4D5860251\/4B5860285\/4D0860285A","og_url":"https:\/\/audi-klaus.at\/shop\/produkt\/audi-a6-s6-c4-4b-100-s4-c4-pannendreieck-4d5860251-4b5860285-4d0860285a\/","og_site_name":"Audi-Klaus","article_publisher":"https:\/\/www.facebook.com\/audi.klaus.1312\/","article_modified_time":"2026-01-07T22:00:52+00:00","og_image":[{"width":480,"height":480,"url":"https:\/\/audi-klaus.at\/shop\/wp-content\/uploads\/2025\/12\/IA3927-1.jpg","type":"image\/jpeg"}],"twitter_card":"summary_large_image","twitter_misc":{"Gesch\u00e4tzte Lesezeit":"1 Minute"},"schema":{"@context":"https:\/\/schema.org","@graph":[{"@type":"WebPage","@id":"https:\/\/audi-klaus.at\/shop\/produkt\/audi-a6-s6-c4-4b-100-s4-c4-pannendreieck-4d5860251-4b5860285-4d0860285a\/","url":"https:\/\/audi-klaus.at\/shop\/produkt\/audi-a6-s6-c4-4b-100-s4-c4-pannendreieck-4d5860251-4b5860285-4d0860285a\/","name":"Audi A6\/S6\/C4\/4B\/100\/S4\/C4 Pannendreieck 4D5860251\/4B5860285\/4D0860285A - Audi-Klaus","isPartOf":{"@id":"https:\/\/audi-klaus.at\/shop\/#website"},"primaryImageOfPage":{"@id":"https:\/\/audi-klaus.at\/shop\/produkt\/audi-a6-s6-c4-4b-100-s4-c4-pannendreieck-4d5860251-4b5860285-4d0860285a\/#primaryimage"},"image":{"@id":"https:\/\/audi-klaus.at\/shop\/produkt\/audi-a6-s6-c4-4b-100-s4-c4-pannendreieck-4d5860251-4b5860285-4d0860285a\/#primaryimage"},"thumbnailUrl":"https:\/\/audi-klaus.at\/shop\/wp-content\/uploads\/2025\/12\/IA3927-1.jpg","datePublished":"2025-12-23T11:30:15+00:00","dateModified":"2026-01-07T22:00:52+00:00","description":"Audi-Klaus Audi A6\/S6\/C4\/4B\/100\/S4\/C4 Pannendreieck 4D5860251\/4B5860285\/4D0860285A Audi A6\/S6\/C4\/4B\/100\/S4\/C4 Pannendreieck 4D5860251\/4B5860285\/4D0860285A","breadcrumb":{"@id":"https:\/\/audi-klaus.at\/shop\/produkt\/audi-a6-s6-c4-4b-100-s4-c4-pannendreieck-4d5860251-4b5860285-4d0860285a\/#breadcrumb"},"inLanguage":"de-AT","potentialAction":[{"@type":"ReadAction","target":["https:\/\/audi-klaus.at\/shop\/produkt\/audi-a6-s6-c4-4b-100-s4-c4-pannendreieck-4d5860251-4b5860285-4d0860285a\/"]}]},{"@type":"ImageObject","inLanguage":"de-AT","@id":"https:\/\/audi-klaus.at\/shop\/produkt\/audi-a6-s6-c4-4b-100-s4-c4-pannendreieck-4d5860251-4b5860285-4d0860285a\/#primaryimage","url":"https:\/\/audi-klaus.at\/shop\/wp-content\/uploads\/2025\/12\/IA3927-1.jpg","contentUrl":"https:\/\/audi-klaus.at\/shop\/wp-content\/uploads\/2025\/12\/IA3927-1.jpg","width":480,"height":480},{"@type":"BreadcrumbList","@id":"https:\/\/audi-klaus.at\/shop\/produkt\/audi-a6-s6-c4-4b-100-s4-c4-pannendreieck-4d5860251-4b5860285-4d0860285a\/#breadcrumb","itemListElement":[{"@type":"ListItem","position":1,"name":"Startseite","item":"https:\/\/audi-klaus.at\/shop\/"},{"@type":"ListItem","position":2,"name":"Shop","item":"https:\/\/audi-klaus.at\/shop\/"},{"@type":"ListItem","position":3,"name":"Audi A6\/S6\/C4\/4B\/100\/S4\/C4 Pannendreieck 4D5860251\/4B5860285\/4D0860285A"}]},{"@type":"WebSite","@id":"https:\/\/audi-klaus.at\/shop\/#website","url":"https:\/\/audi-klaus.at\/shop\/","name":"Audi-Klaus","description":"Ihr Gebrauchtteile Spezialist f\u00fcr die Marken Audi, VW (VAG)","publisher":{"@id":"https:\/\/audi-klaus.at\/shop\/#organization"},"potentialAction":[{"@type":"SearchAction","target":{"@type":"EntryPoint","urlTemplate":"https:\/\/audi-klaus.at\/shop\/?s={search_term_string}"},"query-input":{"@type":"PropertyValueSpecification","valueRequired":true,"valueName":"search_term_string"}}],"inLanguage":"de-AT"},{"@type":"Organization","@id":"https:\/\/audi-klaus.at\/shop\/#organization","name":"Audi-Klaus","url":"https:\/\/audi-klaus.at\/shop\/","logo":{"@type":"ImageObject","inLanguage":"de-AT","@id":"https:\/\/audi-klaus.at\/shop\/#\/schema\/logo\/image\/","url":"https:\/\/audi-klaus.at\/shop\/wp-content\/uploads\/2024\/10\/Logo-Shop.webp","contentUrl":"https:\/\/audi-klaus.at\/shop\/wp-content\/uploads\/2024\/10\/Logo-Shop.webp","width":470,"height":164,"caption":"Audi-Klaus"},"image":{"@id":"https:\/\/audi-klaus.at\/shop\/#\/schema\/logo\/image\/"},"sameAs":["https:\/\/www.facebook.com\/audi.klaus.1312\/","https:\/\/www.instagram.com\/audi_klaus\/?igshid=1eca3qu2mdayg"]}]}},"_links":{"self":[{"href":"https:\/\/audi-klaus.at\/shop\/wp-json\/wp\/v2\/product\/103567","targetHints":{"allow":["GET"]}}],"collection":[{"href":"https:\/\/audi-klaus.at\/shop\/wp-json\/wp\/v2\/product"}],"about":[{"href":"https:\/\/audi-klaus.at\/shop\/wp-json\/wp\/v2\/types\/product"}],"wp:featuredmedia":[{"embeddable":true,"href":"https:\/\/audi-klaus.at\/shop\/wp-json\/wp\/v2\/media\/103572"}],"wp:attachment":[{"href":"https:\/\/audi-klaus.at\/shop\/wp-json\/wp\/v2\/media?parent=103567"}],"wp:term":[{"taxonomy":"product_brand","embeddable":true,"href":"https:\/\/audi-klaus.at\/shop\/wp-json\/wp\/v2\/product_brand?post=103567"},{"taxonomy":"product_cat","embeddable":true,"href":"https:\/\/audi-klaus.at\/shop\/wp-json\/wp\/v2\/product_cat?post=103567"},{"taxonomy":"product_tag","embeddable":true,"href":"https:\/\/audi-klaus.at\/shop\/wp-json\/wp\/v2\/product_tag?post=103567"}],"curies":[{"name":"wp","href":"https:\/\/api.w.org\/{rel}","templated":true}]}}