{"id":102866,"date":"2025-12-10T09:22:36","date_gmt":"2025-12-10T08:22:36","guid":{"rendered":"https:\/\/audi-klaus.at\/shop\/?post_type=product&#038;p=102866"},"modified":"2026-01-07T23:00:40","modified_gmt":"2026-01-07T22:00:40","slug":"audi-a7-s7-rs7-competition-dekorleisten-set-schwarz-klavierlack-4g8867409an-410am-420ac-419ac-4g8853190dm-189bd-4g8857297am-4g0864261q-4g0863273","status":"publish","type":"product","link":"https:\/\/audi-klaus.at\/shop\/produkt\/audi-a7-s7-rs7-competition-dekorleisten-set-schwarz-klavierlack-4g8867409an-410am-420ac-419ac-4g8853190dm-189bd-4g8857297am-4g0864261q-4g0863273\/","title":{"rendered":"Audi A7\/S7\/RS7\/Competition Dekorleisten-Set schwarz Klavierlack 4G8867409AN\/410AM\/420AC\/419AC\/4G8853190DM\/189BD\/4G8857297AM\/4G0864261Q\/4G0863273"},"content":{"rendered":"<h5 class=\"western\"><span style=\"color: #060606\"><span style=\"font-family: Verdana, serif\"><span style=\"font-size: small\"><b>VAG Teilenummer<\/b><\/span><\/span><\/span><span style=\"color: #060606\"><span style=\"font-family: Verdana, serif\"><span style=\"font-size: small\">: 4G8 853 190DM\/4G0 864 261Q\/4G8 853 189BD\/4G8 857 297AM\/4G8 867 409AN\/4G8 867 410AM\/4G8 867 420AC\/4G8 867 419AC\/4G0 863 273<\/span><\/span><\/span><\/h5>\n<h5 class=\"western\"><span style=\"color: #060606\"><span style=\"font-family: Verdana, serif\"><span style=\"font-size: small\"><b>Zustand:<\/b><\/span><\/span><\/span><span style=\"color: #060606\"><span style=\"font-family: Verdana, serif\"><span style=\"font-size: small\">\u00a0 <\/span><\/span><\/span><span style=\"color: #060606\"><span style=\"font-family: Verdana, serif\"><span style=\"font-size: small\"><span lang=\"de-DE\">Gebraucht<\/span><\/span><\/span><\/span><\/h5>\n<h5 class=\"western\"><span style=\"color: #060606\"><span style=\"font-family: Verdana, serif\"><span style=\"font-size: small\"><b>Lieferumfang:<\/b><\/span><\/span><\/span><span style=\"color: #060606\"><span style=\"font-family: Verdana, serif\"><span style=\"font-size: small\">\u00a0wie in den Original-Abbildungen angegeben<\/span><\/span><\/span><\/h5>\n<h5 class=\"western\"><span style=\"color: #060606\"><span style=\"font-family: Verdana, serif\"><span style=\"font-size: small\"><b>Hinweis:<\/b><\/span><\/span><\/span><span style=\"color: #060606\"><span style=\"font-family: Verdana, serif\"><span style=\"font-size: small\">\u00a0Bitte \u00fcberpr\u00fcfen Sie vor dem Kauf anhand der eindeutigen Teilenummern, ob der Artikel zum Fahrzeug passt, um R\u00fccksendungen zu vermeiden! Trotz Angabe der entsprechenden Fahrzeugdaten ist eine eindeutige Zuordnung nur \u00fcber die Teilenummer m\u00f6glich! Die abgelesene Teilenummer ist die Teilenummer des Teils, welches geliefert wird. Die Originalteilnummer ist diejenige, die bei Neubestellung f\u00fcr dieses Teil gilt und der m\u00f6glicherweise abweichenden, gelieferten Teilenummer entspricht. <\/span><\/span><\/span><\/h5>\n<h5 class=\"western\"><span style=\"color: #060606\"><span style=\"font-family: Verdana, serif\"><span style=\"font-size: small\"><span lang=\"de-DE\">Gebraucht<\/span><\/span><\/span><\/span><span style=\"color: #060606\"><span style=\"font-family: Verdana, serif\"><span style=\"font-size: small\"> mit Gebrauchsspuren in Form von Verunreinigungen\/ kleinen Kratzern m\u00f6glich. Die Ware wird ungereinigt geliefert.<\/span><\/span><\/span><\/h5>\n<h5 class=\"western\"><span style=\"color: #060606\"><span style=\"font-family: Verdana, serif\"><span style=\"font-size: small\">Sollten weitere Fragen offen sein, kontaktieren Sie uns bitte unter\u00a0<\/span><\/span><\/span><a href=\"mailto:office@audi-klaus.at\"><span style=\"color: #0000ff\"><span style=\"font-family: Verdana, serif\"><span style=\"font-size: small\"><u>office@audi-klaus.at<\/u><\/span><\/span><\/span><\/a><\/h5>\n","protected":false},"excerpt":{"rendered":"<h5><strong><span style=\"color: #000000\"><span style=\"font-family: Source Sans Pro, serif\"><span style=\"font-size: x-large\"><b>Marke: Audi<br \/>\nModell: A7\/S7\/RS7 Competition<br \/>\n<\/b><\/span><\/span><\/span><\/strong><\/h5>\n<h5><strong><span style=\"color: #c9211e\"><span style=\"font-family: Source Sans Pro, serif\"><span style=\"font-size: large\">F\u00fcr Head Up Display!!<\/span><\/span><\/span><\/strong><\/h5>\n<h5><strong><span style=\"color: #c9211e\"><span style=\"font-family: Source Sans Pro, serif\"><span style=\"font-size: large\">Memory Fahrerseite!!<\/span><\/span><\/span><\/strong><\/h5>\n<h5><strong><span style=\"color: #c9211e\"><span style=\"font-family: Source Sans Pro, serif\"><span style=\"font-size: large\">Eine Halternase abgebrochen!!<\/span><\/span><\/span><\/strong><\/h5>\n","protected":false},"featured_media":102872,"template":"","meta":[],"product_brand":[],"product_cat":[38121,32,373,38106,38107,38111],"product_tag":[38128,38129,38130,38131,38132,38133,20889,38134,38135,38136],"class_list":{"0":"post-102866","1":"product","2":"type-product","3":"status-publish","4":"has-post-thumbnail","6":"product_cat-innenraum-rs7","7":"product_cat-audi","8":"product_cat-a7","9":"product_cat-s7","10":"product_cat-rs7","11":"product_cat-innenraum-s7","12":"product_tag-4g8853190dm","13":"product_tag-4g0864261q","14":"product_tag-4g8853189bd","15":"product_tag-4g8857297am","16":"product_tag-4g8867409an","17":"product_tag-4g8867410am","18":"product_tag-ia2679","19":"product_tag-4g8867420ac","20":"product_tag-4g8867419ac","21":"product_tag-4g0863273","23":"first","24":"instock","25":"taxable","26":"shipping-taxable","27":"purchasable","28":"product-type-simple"},"yoast_head":"<!-- This site is optimized with the Yoast SEO plugin v27.5 - https:\/\/yoast.com\/product\/yoast-seo-wordpress\/ -->\n<title>Audi A7\/S7\/RS7\/Competition Dekorleisten-Set schwarz Klavierlack 4G8867409AN\/410AM\/420AC\/419AC\/4G8853190DM\/189BD\/4G8857297AM\/4G0864261Q\/4G0863273 - Audi-Klaus<\/title>\n<meta name=\"description\" content=\"Audi-Klaus Audi A7\/S7\/RS7\/Competition Dekorleisten-Set schwarz Klavierlack 4G8867409AN\/410AM\/420AC\/419AC\/4G8853190DM\/189BD\/4G8857297AM\/4G0864261Q\/4G0863273\" \/>\n<meta name=\"robots\" content=\"index, follow, max-snippet:-1, max-image-preview:large, max-video-preview:-1\" \/>\n<link rel=\"canonical\" href=\"https:\/\/audi-klaus.at\/shop\/produkt\/audi-a7-s7-rs7-competition-dekorleisten-set-schwarz-klavierlack-4g8867409an-410am-420ac-419ac-4g8853190dm-189bd-4g8857297am-4g0864261q-4g0863273\/\" \/>\n<meta property=\"og:locale\" content=\"de_DE\" \/>\n<meta property=\"og:type\" content=\"article\" \/>\n<meta property=\"og:title\" content=\"Audi A7\/S7\/RS7\/Competition Dekorleisten-Set schwarz Klavierlack 4G8867409AN\/410AM\/420AC\/419AC\/4G8853190DM\/189BD\/4G8857297AM\/4G0864261Q\/4G0863273 - Audi-Klaus\" \/>\n<meta property=\"og:description\" content=\"Audi-Klaus Audi A7\/S7\/RS7\/Competition Dekorleisten-Set schwarz Klavierlack 4G8867409AN\/410AM\/420AC\/419AC\/4G8853190DM\/189BD\/4G8857297AM\/4G0864261Q\/4G0863273\" \/>\n<meta property=\"og:url\" content=\"https:\/\/audi-klaus.at\/shop\/produkt\/audi-a7-s7-rs7-competition-dekorleisten-set-schwarz-klavierlack-4g8867409an-410am-420ac-419ac-4g8853190dm-189bd-4g8857297am-4g0864261q-4g0863273\/\" \/>\n<meta property=\"og:site_name\" content=\"Audi-Klaus\" \/>\n<meta property=\"article:publisher\" content=\"https:\/\/www.facebook.com\/audi.klaus.1312\/\" \/>\n<meta property=\"article:modified_time\" content=\"2026-01-07T22:00:40+00:00\" \/>\n<meta property=\"og:image\" content=\"https:\/\/audi-klaus.at\/shop\/wp-content\/uploads\/2025\/12\/IA2679-1.jpg\" \/>\n\t<meta property=\"og:image:width\" content=\"480\" \/>\n\t<meta property=\"og:image:height\" content=\"480\" \/>\n\t<meta property=\"og:image:type\" content=\"image\/jpeg\" \/>\n<meta name=\"twitter:card\" content=\"summary_large_image\" \/>\n<meta name=\"twitter:label1\" content=\"Gesch\u00e4tzte Lesezeit\" \/>\n\t<meta name=\"twitter:data1\" content=\"1 Minute\" \/>\n<script type=\"application\/ld+json\" class=\"yoast-schema-graph\">{\"@context\":\"https:\\\/\\\/schema.org\",\"@graph\":[{\"@type\":\"WebPage\",\"@id\":\"https:\\\/\\\/audi-klaus.at\\\/shop\\\/produkt\\\/audi-a7-s7-rs7-competition-dekorleisten-set-schwarz-klavierlack-4g8867409an-410am-420ac-419ac-4g8853190dm-189bd-4g8857297am-4g0864261q-4g0863273\\\/\",\"url\":\"https:\\\/\\\/audi-klaus.at\\\/shop\\\/produkt\\\/audi-a7-s7-rs7-competition-dekorleisten-set-schwarz-klavierlack-4g8867409an-410am-420ac-419ac-4g8853190dm-189bd-4g8857297am-4g0864261q-4g0863273\\\/\",\"name\":\"Audi A7\\\/S7\\\/RS7\\\/Competition Dekorleisten-Set schwarz Klavierlack 4G8867409AN\\\/410AM\\\/420AC\\\/419AC\\\/4G8853190DM\\\/189BD\\\/4G8857297AM\\\/4G0864261Q\\\/4G0863273 - Audi-Klaus\",\"isPartOf\":{\"@id\":\"https:\\\/\\\/audi-klaus.at\\\/shop\\\/#website\"},\"primaryImageOfPage\":{\"@id\":\"https:\\\/\\\/audi-klaus.at\\\/shop\\\/produkt\\\/audi-a7-s7-rs7-competition-dekorleisten-set-schwarz-klavierlack-4g8867409an-410am-420ac-419ac-4g8853190dm-189bd-4g8857297am-4g0864261q-4g0863273\\\/#primaryimage\"},\"image\":{\"@id\":\"https:\\\/\\\/audi-klaus.at\\\/shop\\\/produkt\\\/audi-a7-s7-rs7-competition-dekorleisten-set-schwarz-klavierlack-4g8867409an-410am-420ac-419ac-4g8853190dm-189bd-4g8857297am-4g0864261q-4g0863273\\\/#primaryimage\"},\"thumbnailUrl\":\"https:\\\/\\\/audi-klaus.at\\\/shop\\\/wp-content\\\/uploads\\\/2025\\\/12\\\/IA2679-1.jpg\",\"datePublished\":\"2025-12-10T08:22:36+00:00\",\"dateModified\":\"2026-01-07T22:00:40+00:00\",\"description\":\"Audi-Klaus Audi A7\\\/S7\\\/RS7\\\/Competition Dekorleisten-Set schwarz Klavierlack 4G8867409AN\\\/410AM\\\/420AC\\\/419AC\\\/4G8853190DM\\\/189BD\\\/4G8857297AM\\\/4G0864261Q\\\/4G0863273\",\"breadcrumb\":{\"@id\":\"https:\\\/\\\/audi-klaus.at\\\/shop\\\/produkt\\\/audi-a7-s7-rs7-competition-dekorleisten-set-schwarz-klavierlack-4g8867409an-410am-420ac-419ac-4g8853190dm-189bd-4g8857297am-4g0864261q-4g0863273\\\/#breadcrumb\"},\"inLanguage\":\"de-AT\",\"potentialAction\":[{\"@type\":\"ReadAction\",\"target\":[\"https:\\\/\\\/audi-klaus.at\\\/shop\\\/produkt\\\/audi-a7-s7-rs7-competition-dekorleisten-set-schwarz-klavierlack-4g8867409an-410am-420ac-419ac-4g8853190dm-189bd-4g8857297am-4g0864261q-4g0863273\\\/\"]}]},{\"@type\":\"ImageObject\",\"inLanguage\":\"de-AT\",\"@id\":\"https:\\\/\\\/audi-klaus.at\\\/shop\\\/produkt\\\/audi-a7-s7-rs7-competition-dekorleisten-set-schwarz-klavierlack-4g8867409an-410am-420ac-419ac-4g8853190dm-189bd-4g8857297am-4g0864261q-4g0863273\\\/#primaryimage\",\"url\":\"https:\\\/\\\/audi-klaus.at\\\/shop\\\/wp-content\\\/uploads\\\/2025\\\/12\\\/IA2679-1.jpg\",\"contentUrl\":\"https:\\\/\\\/audi-klaus.at\\\/shop\\\/wp-content\\\/uploads\\\/2025\\\/12\\\/IA2679-1.jpg\",\"width\":480,\"height\":480},{\"@type\":\"BreadcrumbList\",\"@id\":\"https:\\\/\\\/audi-klaus.at\\\/shop\\\/produkt\\\/audi-a7-s7-rs7-competition-dekorleisten-set-schwarz-klavierlack-4g8867409an-410am-420ac-419ac-4g8853190dm-189bd-4g8857297am-4g0864261q-4g0863273\\\/#breadcrumb\",\"itemListElement\":[{\"@type\":\"ListItem\",\"position\":1,\"name\":\"Startseite\",\"item\":\"https:\\\/\\\/audi-klaus.at\\\/shop\\\/\"},{\"@type\":\"ListItem\",\"position\":2,\"name\":\"Shop\",\"item\":\"https:\\\/\\\/audi-klaus.at\\\/shop\\\/\"},{\"@type\":\"ListItem\",\"position\":3,\"name\":\"Audi A7\\\/S7\\\/RS7\\\/Competition Dekorleisten-Set schwarz Klavierlack 4G8867409AN\\\/410AM\\\/420AC\\\/419AC\\\/4G8853190DM\\\/189BD\\\/4G8857297AM\\\/4G0864261Q\\\/4G0863273\"}]},{\"@type\":\"WebSite\",\"@id\":\"https:\\\/\\\/audi-klaus.at\\\/shop\\\/#website\",\"url\":\"https:\\\/\\\/audi-klaus.at\\\/shop\\\/\",\"name\":\"Audi-Klaus\",\"description\":\"Ihr Gebrauchtteile Spezialist f\u00fcr die Marken Audi, VW (VAG)\",\"publisher\":{\"@id\":\"https:\\\/\\\/audi-klaus.at\\\/shop\\\/#organization\"},\"potentialAction\":[{\"@type\":\"SearchAction\",\"target\":{\"@type\":\"EntryPoint\",\"urlTemplate\":\"https:\\\/\\\/audi-klaus.at\\\/shop\\\/?s={search_term_string}\"},\"query-input\":{\"@type\":\"PropertyValueSpecification\",\"valueRequired\":true,\"valueName\":\"search_term_string\"}}],\"inLanguage\":\"de-AT\"},{\"@type\":\"Organization\",\"@id\":\"https:\\\/\\\/audi-klaus.at\\\/shop\\\/#organization\",\"name\":\"Audi-Klaus\",\"url\":\"https:\\\/\\\/audi-klaus.at\\\/shop\\\/\",\"logo\":{\"@type\":\"ImageObject\",\"inLanguage\":\"de-AT\",\"@id\":\"https:\\\/\\\/audi-klaus.at\\\/shop\\\/#\\\/schema\\\/logo\\\/image\\\/\",\"url\":\"https:\\\/\\\/audi-klaus.at\\\/shop\\\/wp-content\\\/uploads\\\/2024\\\/10\\\/Logo-Shop.webp\",\"contentUrl\":\"https:\\\/\\\/audi-klaus.at\\\/shop\\\/wp-content\\\/uploads\\\/2024\\\/10\\\/Logo-Shop.webp\",\"width\":470,\"height\":164,\"caption\":\"Audi-Klaus\"},\"image\":{\"@id\":\"https:\\\/\\\/audi-klaus.at\\\/shop\\\/#\\\/schema\\\/logo\\\/image\\\/\"},\"sameAs\":[\"https:\\\/\\\/www.facebook.com\\\/audi.klaus.1312\\\/\",\"https:\\\/\\\/www.instagram.com\\\/audi_klaus\\\/?igshid=1eca3qu2mdayg\"]}]}<\/script>\n<!-- \/ Yoast SEO plugin. -->","yoast_head_json":{"title":"Audi A7\/S7\/RS7\/Competition Dekorleisten-Set schwarz Klavierlack 4G8867409AN\/410AM\/420AC\/419AC\/4G8853190DM\/189BD\/4G8857297AM\/4G0864261Q\/4G0863273 - Audi-Klaus","description":"Audi-Klaus Audi A7\/S7\/RS7\/Competition Dekorleisten-Set schwarz Klavierlack 4G8867409AN\/410AM\/420AC\/419AC\/4G8853190DM\/189BD\/4G8857297AM\/4G0864261Q\/4G0863273","robots":{"index":"index","follow":"follow","max-snippet":"max-snippet:-1","max-image-preview":"max-image-preview:large","max-video-preview":"max-video-preview:-1"},"canonical":"https:\/\/audi-klaus.at\/shop\/produkt\/audi-a7-s7-rs7-competition-dekorleisten-set-schwarz-klavierlack-4g8867409an-410am-420ac-419ac-4g8853190dm-189bd-4g8857297am-4g0864261q-4g0863273\/","og_locale":"de_DE","og_type":"article","og_title":"Audi A7\/S7\/RS7\/Competition Dekorleisten-Set schwarz Klavierlack 4G8867409AN\/410AM\/420AC\/419AC\/4G8853190DM\/189BD\/4G8857297AM\/4G0864261Q\/4G0863273 - Audi-Klaus","og_description":"Audi-Klaus Audi A7\/S7\/RS7\/Competition Dekorleisten-Set schwarz Klavierlack 4G8867409AN\/410AM\/420AC\/419AC\/4G8853190DM\/189BD\/4G8857297AM\/4G0864261Q\/4G0863273","og_url":"https:\/\/audi-klaus.at\/shop\/produkt\/audi-a7-s7-rs7-competition-dekorleisten-set-schwarz-klavierlack-4g8867409an-410am-420ac-419ac-4g8853190dm-189bd-4g8857297am-4g0864261q-4g0863273\/","og_site_name":"Audi-Klaus","article_publisher":"https:\/\/www.facebook.com\/audi.klaus.1312\/","article_modified_time":"2026-01-07T22:00:40+00:00","og_image":[{"width":480,"height":480,"url":"https:\/\/audi-klaus.at\/shop\/wp-content\/uploads\/2025\/12\/IA2679-1.jpg","type":"image\/jpeg"}],"twitter_card":"summary_large_image","twitter_misc":{"Gesch\u00e4tzte Lesezeit":"1 Minute"},"schema":{"@context":"https:\/\/schema.org","@graph":[{"@type":"WebPage","@id":"https:\/\/audi-klaus.at\/shop\/produkt\/audi-a7-s7-rs7-competition-dekorleisten-set-schwarz-klavierlack-4g8867409an-410am-420ac-419ac-4g8853190dm-189bd-4g8857297am-4g0864261q-4g0863273\/","url":"https:\/\/audi-klaus.at\/shop\/produkt\/audi-a7-s7-rs7-competition-dekorleisten-set-schwarz-klavierlack-4g8867409an-410am-420ac-419ac-4g8853190dm-189bd-4g8857297am-4g0864261q-4g0863273\/","name":"Audi A7\/S7\/RS7\/Competition Dekorleisten-Set schwarz Klavierlack 4G8867409AN\/410AM\/420AC\/419AC\/4G8853190DM\/189BD\/4G8857297AM\/4G0864261Q\/4G0863273 - Audi-Klaus","isPartOf":{"@id":"https:\/\/audi-klaus.at\/shop\/#website"},"primaryImageOfPage":{"@id":"https:\/\/audi-klaus.at\/shop\/produkt\/audi-a7-s7-rs7-competition-dekorleisten-set-schwarz-klavierlack-4g8867409an-410am-420ac-419ac-4g8853190dm-189bd-4g8857297am-4g0864261q-4g0863273\/#primaryimage"},"image":{"@id":"https:\/\/audi-klaus.at\/shop\/produkt\/audi-a7-s7-rs7-competition-dekorleisten-set-schwarz-klavierlack-4g8867409an-410am-420ac-419ac-4g8853190dm-189bd-4g8857297am-4g0864261q-4g0863273\/#primaryimage"},"thumbnailUrl":"https:\/\/audi-klaus.at\/shop\/wp-content\/uploads\/2025\/12\/IA2679-1.jpg","datePublished":"2025-12-10T08:22:36+00:00","dateModified":"2026-01-07T22:00:40+00:00","description":"Audi-Klaus Audi A7\/S7\/RS7\/Competition Dekorleisten-Set schwarz Klavierlack 4G8867409AN\/410AM\/420AC\/419AC\/4G8853190DM\/189BD\/4G8857297AM\/4G0864261Q\/4G0863273","breadcrumb":{"@id":"https:\/\/audi-klaus.at\/shop\/produkt\/audi-a7-s7-rs7-competition-dekorleisten-set-schwarz-klavierlack-4g8867409an-410am-420ac-419ac-4g8853190dm-189bd-4g8857297am-4g0864261q-4g0863273\/#breadcrumb"},"inLanguage":"de-AT","potentialAction":[{"@type":"ReadAction","target":["https:\/\/audi-klaus.at\/shop\/produkt\/audi-a7-s7-rs7-competition-dekorleisten-set-schwarz-klavierlack-4g8867409an-410am-420ac-419ac-4g8853190dm-189bd-4g8857297am-4g0864261q-4g0863273\/"]}]},{"@type":"ImageObject","inLanguage":"de-AT","@id":"https:\/\/audi-klaus.at\/shop\/produkt\/audi-a7-s7-rs7-competition-dekorleisten-set-schwarz-klavierlack-4g8867409an-410am-420ac-419ac-4g8853190dm-189bd-4g8857297am-4g0864261q-4g0863273\/#primaryimage","url":"https:\/\/audi-klaus.at\/shop\/wp-content\/uploads\/2025\/12\/IA2679-1.jpg","contentUrl":"https:\/\/audi-klaus.at\/shop\/wp-content\/uploads\/2025\/12\/IA2679-1.jpg","width":480,"height":480},{"@type":"BreadcrumbList","@id":"https:\/\/audi-klaus.at\/shop\/produkt\/audi-a7-s7-rs7-competition-dekorleisten-set-schwarz-klavierlack-4g8867409an-410am-420ac-419ac-4g8853190dm-189bd-4g8857297am-4g0864261q-4g0863273\/#breadcrumb","itemListElement":[{"@type":"ListItem","position":1,"name":"Startseite","item":"https:\/\/audi-klaus.at\/shop\/"},{"@type":"ListItem","position":2,"name":"Shop","item":"https:\/\/audi-klaus.at\/shop\/"},{"@type":"ListItem","position":3,"name":"Audi A7\/S7\/RS7\/Competition Dekorleisten-Set schwarz Klavierlack 4G8867409AN\/410AM\/420AC\/419AC\/4G8853190DM\/189BD\/4G8857297AM\/4G0864261Q\/4G0863273"}]},{"@type":"WebSite","@id":"https:\/\/audi-klaus.at\/shop\/#website","url":"https:\/\/audi-klaus.at\/shop\/","name":"Audi-Klaus","description":"Ihr Gebrauchtteile Spezialist f\u00fcr die Marken Audi, VW (VAG)","publisher":{"@id":"https:\/\/audi-klaus.at\/shop\/#organization"},"potentialAction":[{"@type":"SearchAction","target":{"@type":"EntryPoint","urlTemplate":"https:\/\/audi-klaus.at\/shop\/?s={search_term_string}"},"query-input":{"@type":"PropertyValueSpecification","valueRequired":true,"valueName":"search_term_string"}}],"inLanguage":"de-AT"},{"@type":"Organization","@id":"https:\/\/audi-klaus.at\/shop\/#organization","name":"Audi-Klaus","url":"https:\/\/audi-klaus.at\/shop\/","logo":{"@type":"ImageObject","inLanguage":"de-AT","@id":"https:\/\/audi-klaus.at\/shop\/#\/schema\/logo\/image\/","url":"https:\/\/audi-klaus.at\/shop\/wp-content\/uploads\/2024\/10\/Logo-Shop.webp","contentUrl":"https:\/\/audi-klaus.at\/shop\/wp-content\/uploads\/2024\/10\/Logo-Shop.webp","width":470,"height":164,"caption":"Audi-Klaus"},"image":{"@id":"https:\/\/audi-klaus.at\/shop\/#\/schema\/logo\/image\/"},"sameAs":["https:\/\/www.facebook.com\/audi.klaus.1312\/","https:\/\/www.instagram.com\/audi_klaus\/?igshid=1eca3qu2mdayg"]}]}},"_links":{"self":[{"href":"https:\/\/audi-klaus.at\/shop\/wp-json\/wp\/v2\/product\/102866","targetHints":{"allow":["GET"]}}],"collection":[{"href":"https:\/\/audi-klaus.at\/shop\/wp-json\/wp\/v2\/product"}],"about":[{"href":"https:\/\/audi-klaus.at\/shop\/wp-json\/wp\/v2\/types\/product"}],"wp:featuredmedia":[{"embeddable":true,"href":"https:\/\/audi-klaus.at\/shop\/wp-json\/wp\/v2\/media\/102872"}],"wp:attachment":[{"href":"https:\/\/audi-klaus.at\/shop\/wp-json\/wp\/v2\/media?parent=102866"}],"wp:term":[{"taxonomy":"product_brand","embeddable":true,"href":"https:\/\/audi-klaus.at\/shop\/wp-json\/wp\/v2\/product_brand?post=102866"},{"taxonomy":"product_cat","embeddable":true,"href":"https:\/\/audi-klaus.at\/shop\/wp-json\/wp\/v2\/product_cat?post=102866"},{"taxonomy":"product_tag","embeddable":true,"href":"https:\/\/audi-klaus.at\/shop\/wp-json\/wp\/v2\/product_tag?post=102866"}],"curies":[{"name":"wp","href":"https:\/\/api.w.org\/{rel}","templated":true}]}}