{"id":31,"date":"2024-01-03T13:34:34","date_gmt":"2024-01-03T12:34:34","guid":{"rendered":"https:\/\/audi-klaus.at\/seite\/?page_id=31"},"modified":"2025-08-21T09:19:34","modified_gmt":"2025-08-21T07:19:34","slug":"flohmaerkte","status":"publish","type":"page","link":"https:\/\/audi-klaus.at\/seite\/flohmaerkte\/","title":{"rendered":"Flohm\u00e4rkte"},"content":{"rendered":"\n<p class=\"has-text-align-center has-medium-font-size\">Flohmarkt-Archiv<\/p>\n\n\n\n<p><\/p>\n\n\n\n<ul class=\"wp-block-list\">\n<li style=\"font-size:18px\"><a href=\"https:\/\/audi-klaus.at\/seite\/flohmarkt-08-2025\/\" target=\"_blank\" rel=\"noreferrer noopener\">R\u00fcckblick CAR MEETING &amp; OLD AUDI TEILEFLOHMARKT 09.08.2025<\/a><\/li>\n<\/ul>\n\n\n\n<ul class=\"wp-block-list\">\n<li style=\"font-size:18px\"><a href=\"https:\/\/audi-klaus.at\/seite\/flohmarkt-04-2024\/\" target=\"_blank\" rel=\"noreferrer noopener\">R\u00fcckblick CAR MEETING &amp; OLD AUDI TEILEFLOHMARKT 27.04.2024<\/a><\/li>\n<\/ul>\n\n\n\n<ul class=\"wp-block-list\">\n<li style=\"font-size:18px\"><a href=\"https:\/\/audi-klaus.at\/seite\/flohmarkt-10-2023\/\" target=\"_blank\" rel=\"noreferrer noopener\">Fotogalerie OLD AUDI TEILEFLOHMARKT 21.10. \u2013 22.10.2023<\/a><\/li>\n<\/ul>\n\n\n\n<ul class=\"wp-block-list\">\n<li style=\"font-size:18px\"><a href=\"https:\/\/audi-klaus.at\/seite\/flohmarkt-06-2023\/\" target=\"_blank\" rel=\"noreferrer noopener\">R\u00fcckblick OLD AUDI TEILEFLOHMARKT 17.06.2023 <\/a><\/li>\n<\/ul>\n\n\n\n<p><\/p>\n","protected":false},"excerpt":{"rendered":"<p>Flohmarkt-Archiv<\/p>\n","protected":false},"author":1,"featured_media":0,"parent":0,"menu_order":4,"comment_status":"closed","ping_status":"closed","template":"","meta":{"footnotes":""},"class_list":["post-31","page","type-page","status-publish","hentry"],"yoast_head":"<!-- This site is optimized with the Yoast SEO plugin v27.4 - https:\/\/yoast.com\/product\/yoast-seo-wordpress\/ -->\n<title>Flohm\u00e4rkte - Audi-Klaus<\/title>\n<meta name=\"description\" content=\"Audi-Klaus Flohm\u00e4rkte Audi-Klaus Flohm\u00e4rkte OLD AUDI TEILEFLOHMARKT\" \/>\n<meta name=\"robots\" content=\"index, follow, max-snippet:-1, max-image-preview:large, max-video-preview:-1\" \/>\n<link rel=\"canonical\" href=\"https:\/\/audi-klaus.at\/seite\/flohmaerkte\/\" \/>\n<meta property=\"og:locale\" content=\"de_DE\" \/>\n<meta property=\"og:type\" content=\"article\" \/>\n<meta property=\"og:title\" content=\"Flohm\u00e4rkte - Audi-Klaus\" \/>\n<meta property=\"og:description\" content=\"Audi-Klaus Flohm\u00e4rkte Audi-Klaus Flohm\u00e4rkte OLD AUDI TEILEFLOHMARKT\" \/>\n<meta property=\"og:url\" content=\"https:\/\/audi-klaus.at\/seite\/flohmaerkte\/\" \/>\n<meta property=\"og:site_name\" content=\"Audi-Klaus\" \/>\n<meta property=\"article:modified_time\" content=\"2025-08-21T07:19:34+00:00\" \/>\n<meta name=\"twitter:card\" content=\"summary_large_image\" \/>\n<meta name=\"twitter:label1\" content=\"Gesch\u00e4tzte Lesezeit\" \/>\n\t<meta name=\"twitter:data1\" content=\"1\u00a0Minute\" \/>\n<script type=\"application\/ld+json\" class=\"yoast-schema-graph\">{\"@context\":\"https:\\\/\\\/schema.org\",\"@graph\":[{\"@type\":\"WebPage\",\"@id\":\"https:\\\/\\\/audi-klaus.at\\\/seite\\\/flohmaerkte\\\/\",\"url\":\"https:\\\/\\\/audi-klaus.at\\\/seite\\\/flohmaerkte\\\/\",\"name\":\"Flohm\u00e4rkte - Audi-Klaus\",\"isPartOf\":{\"@id\":\"https:\\\/\\\/audi-klaus.at\\\/seite\\\/#website\"},\"datePublished\":\"2024-01-03T12:34:34+00:00\",\"dateModified\":\"2025-08-21T07:19:34+00:00\",\"description\":\"Audi-Klaus Flohm\u00e4rkte Audi-Klaus Flohm\u00e4rkte OLD AUDI TEILEFLOHMARKT\",\"breadcrumb\":{\"@id\":\"https:\\\/\\\/audi-klaus.at\\\/seite\\\/flohmaerkte\\\/#breadcrumb\"},\"inLanguage\":\"de\",\"potentialAction\":[{\"@type\":\"ReadAction\",\"target\":[\"https:\\\/\\\/audi-klaus.at\\\/seite\\\/flohmaerkte\\\/\"]}]},{\"@type\":\"BreadcrumbList\",\"@id\":\"https:\\\/\\\/audi-klaus.at\\\/seite\\\/flohmaerkte\\\/#breadcrumb\",\"itemListElement\":[{\"@type\":\"ListItem\",\"position\":1,\"name\":\"Startseite\",\"item\":\"https:\\\/\\\/audi-klaus.at\\\/seite\\\/\"},{\"@type\":\"ListItem\",\"position\":2,\"name\":\"Flohm\u00e4rkte\"}]},{\"@type\":\"WebSite\",\"@id\":\"https:\\\/\\\/audi-klaus.at\\\/seite\\\/#website\",\"url\":\"https:\\\/\\\/audi-klaus.at\\\/seite\\\/\",\"name\":\"Audi-Klaus\",\"description\":\"Ihr Gebrauchtteile Spezialist f\u00fcr die Marken Audi \\\/ VW \\\/ Seat \\\/ Skoda (VAG)\",\"publisher\":{\"@id\":\"https:\\\/\\\/audi-klaus.at\\\/seite\\\/#organization\"},\"potentialAction\":[{\"@type\":\"SearchAction\",\"target\":{\"@type\":\"EntryPoint\",\"urlTemplate\":\"https:\\\/\\\/audi-klaus.at\\\/seite\\\/?s={search_term_string}\"},\"query-input\":{\"@type\":\"PropertyValueSpecification\",\"valueRequired\":true,\"valueName\":\"search_term_string\"}}],\"inLanguage\":\"de\"},{\"@type\":\"Organization\",\"@id\":\"https:\\\/\\\/audi-klaus.at\\\/seite\\\/#organization\",\"name\":\"Audi-Klaus\",\"url\":\"https:\\\/\\\/audi-klaus.at\\\/seite\\\/\",\"logo\":{\"@type\":\"ImageObject\",\"inLanguage\":\"de\",\"@id\":\"https:\\\/\\\/audi-klaus.at\\\/seite\\\/#\\\/schema\\\/logo\\\/image\\\/\",\"url\":\"https:\\\/\\\/audi-klaus.at\\\/seite\\\/wp-content\\\/uploads\\\/2024\\\/12\\\/cropped-Logo-Shop.webp\",\"contentUrl\":\"https:\\\/\\\/audi-klaus.at\\\/seite\\\/wp-content\\\/uploads\\\/2024\\\/12\\\/cropped-Logo-Shop.webp\",\"width\":470,\"height\":164,\"caption\":\"Audi-Klaus\"},\"image\":{\"@id\":\"https:\\\/\\\/audi-klaus.at\\\/seite\\\/#\\\/schema\\\/logo\\\/image\\\/\"}}]}<\/script>\n<!-- \/ Yoast SEO plugin. -->","yoast_head_json":{"title":"Flohm\u00e4rkte - Audi-Klaus","description":"Audi-Klaus Flohm\u00e4rkte Audi-Klaus Flohm\u00e4rkte OLD AUDI TEILEFLOHMARKT","robots":{"index":"index","follow":"follow","max-snippet":"max-snippet:-1","max-image-preview":"max-image-preview:large","max-video-preview":"max-video-preview:-1"},"canonical":"https:\/\/audi-klaus.at\/seite\/flohmaerkte\/","og_locale":"de_DE","og_type":"article","og_title":"Flohm\u00e4rkte - Audi-Klaus","og_description":"Audi-Klaus Flohm\u00e4rkte Audi-Klaus Flohm\u00e4rkte OLD AUDI TEILEFLOHMARKT","og_url":"https:\/\/audi-klaus.at\/seite\/flohmaerkte\/","og_site_name":"Audi-Klaus","article_modified_time":"2025-08-21T07:19:34+00:00","twitter_card":"summary_large_image","twitter_misc":{"Gesch\u00e4tzte Lesezeit":"1\u00a0Minute"},"schema":{"@context":"https:\/\/schema.org","@graph":[{"@type":"WebPage","@id":"https:\/\/audi-klaus.at\/seite\/flohmaerkte\/","url":"https:\/\/audi-klaus.at\/seite\/flohmaerkte\/","name":"Flohm\u00e4rkte - Audi-Klaus","isPartOf":{"@id":"https:\/\/audi-klaus.at\/seite\/#website"},"datePublished":"2024-01-03T12:34:34+00:00","dateModified":"2025-08-21T07:19:34+00:00","description":"Audi-Klaus Flohm\u00e4rkte Audi-Klaus Flohm\u00e4rkte OLD AUDI TEILEFLOHMARKT","breadcrumb":{"@id":"https:\/\/audi-klaus.at\/seite\/flohmaerkte\/#breadcrumb"},"inLanguage":"de","potentialAction":[{"@type":"ReadAction","target":["https:\/\/audi-klaus.at\/seite\/flohmaerkte\/"]}]},{"@type":"BreadcrumbList","@id":"https:\/\/audi-klaus.at\/seite\/flohmaerkte\/#breadcrumb","itemListElement":[{"@type":"ListItem","position":1,"name":"Startseite","item":"https:\/\/audi-klaus.at\/seite\/"},{"@type":"ListItem","position":2,"name":"Flohm\u00e4rkte"}]},{"@type":"WebSite","@id":"https:\/\/audi-klaus.at\/seite\/#website","url":"https:\/\/audi-klaus.at\/seite\/","name":"Audi-Klaus","description":"Ihr Gebrauchtteile Spezialist f\u00fcr die Marken Audi \/ VW \/ Seat \/ Skoda (VAG)","publisher":{"@id":"https:\/\/audi-klaus.at\/seite\/#organization"},"potentialAction":[{"@type":"SearchAction","target":{"@type":"EntryPoint","urlTemplate":"https:\/\/audi-klaus.at\/seite\/?s={search_term_string}"},"query-input":{"@type":"PropertyValueSpecification","valueRequired":true,"valueName":"search_term_string"}}],"inLanguage":"de"},{"@type":"Organization","@id":"https:\/\/audi-klaus.at\/seite\/#organization","name":"Audi-Klaus","url":"https:\/\/audi-klaus.at\/seite\/","logo":{"@type":"ImageObject","inLanguage":"de","@id":"https:\/\/audi-klaus.at\/seite\/#\/schema\/logo\/image\/","url":"https:\/\/audi-klaus.at\/seite\/wp-content\/uploads\/2024\/12\/cropped-Logo-Shop.webp","contentUrl":"https:\/\/audi-klaus.at\/seite\/wp-content\/uploads\/2024\/12\/cropped-Logo-Shop.webp","width":470,"height":164,"caption":"Audi-Klaus"},"image":{"@id":"https:\/\/audi-klaus.at\/seite\/#\/schema\/logo\/image\/"}}]}},"_links":{"self":[{"href":"https:\/\/audi-klaus.at\/seite\/wp-json\/wp\/v2\/pages\/31","targetHints":{"allow":["GET"]}}],"collection":[{"href":"https:\/\/audi-klaus.at\/seite\/wp-json\/wp\/v2\/pages"}],"about":[{"href":"https:\/\/audi-klaus.at\/seite\/wp-json\/wp\/v2\/types\/page"}],"author":[{"embeddable":true,"href":"https:\/\/audi-klaus.at\/seite\/wp-json\/wp\/v2\/users\/1"}],"replies":[{"embeddable":true,"href":"https:\/\/audi-klaus.at\/seite\/wp-json\/wp\/v2\/comments?post=31"}],"version-history":[{"count":0,"href":"https:\/\/audi-klaus.at\/seite\/wp-json\/wp\/v2\/pages\/31\/revisions"}],"wp:attachment":[{"href":"https:\/\/audi-klaus.at\/seite\/wp-json\/wp\/v2\/media?parent=31"}],"curies":[{"name":"wp","href":"https:\/\/api.w.org\/{rel}","templated":true}]}}