{"id":108,"date":"2024-01-03T15:58:16","date_gmt":"2024-01-03T14:58:16","guid":{"rendered":"https:\/\/audi-klaus.at\/seite\/?page_id=108"},"modified":"2024-01-03T16:00:32","modified_gmt":"2024-01-03T15:00:32","slug":"datenschutzerklaerung","status":"publish","type":"page","link":"https:\/\/audi-klaus.at\/seite\/datenschutzerklaerung\/","title":{"rendered":"Datenschutzerkl\u00e4rung"},"content":{"rendered":"\n<p><\/p>\n\n\n\n<p>Die folgenden Hinweise geben einen einfachen \u00dcberblick dar\u00fcber, was mit Ihren personenbezogenen Daten passiert, wenn Sie unsere Website besuchen. Wir erheben und verarbeiten personenbezogene Daten nur auf Grundlage der gesetzlichen Bestimmungen (Datenschutzgrundverordnung, Telekommunikationsgesetz 2003).<\/p>\n\n\n\n<p>Sobald Sie als Benutzer auf unsere Webseite zugreifen oder diese besuchen wird Ihre IP-Adresse, Beginn sowie Beginn und Ende der Sitzung erfasst. Dies ist technisch bedingt und stellt somit ein berechtigtes Interesse iSv Art 6 Abs 1 lit f DSGVO.<\/p>\n\n\n\n<p><strong>Kontakt mit uns<\/strong><\/p>\n\n\n\n<p>Wenn Sie uns per Email kontaktieren, dann werden die von Ihnen an uns \u00fcbermittelten Daten zwecks Bearbeitung Ihrer Anfrage oder f\u00fcr den Fall von weiteren Anschlussfragen f\u00fcr sechs Monate bei uns gespeichert. Es erfolgt, ohne Ihre Einwilligung, keine Weitergabe Ihrer \u00fcbermittelten Daten.<\/p>\n\n\n\n<p><strong>Datenspeicherung<\/strong><\/p>\n\n\n\n<p>Im Rahmen der Erleichterung des Einkaufsvorganges und zur sp\u00e4teren Vertragsabwicklung werden vom Webshop-Betreiber im Rahmen von Cookies die IP-Adresse des Anschlussinhabers gespeichert, ebenso wie Name, Anschrift, Telefon, Email.<\/p>\n\n\n\n<p>F\u00fcr die Vertragsabwicklung werden auch folgende Daten bei uns gespeichert:<br>Name, Anschrift, Telefon, Email.<\/p>\n\n\n\n<p>Die von Ihnen bereitgestellten Daten sind f\u00fcr die Vertragserf\u00fcllung und zur Durchf\u00fchrung vorvertraglicher Ma\u00dfnahmen erforderlich. Ein Vertragsabschluss ohne dieser Daten ist nicht m\u00f6glich. Eine \u00dcbermittlung der erhobenen Daten an Dritte erfolgt nicht, mit Ausnahme der \u00dcbermittlung von Zahlungsdaten an die abwickelnden Bankinstitute\/Zahlungsdienstleister zum Zwecke der Abbuchung des Einkaufspreises, an das von uns Beauftragte Versandunternehmen (Transportunternehmen), welches mit der Zustellung der Ware beauftragt ist und unseren Steuerberater zur Erf\u00fcllung unserer steuerrechtlichen Verpflichtungen.<\/p>\n\n\n\n<p>Sollten Sie den Einkaufsvorgang abbrechen, werden diese bei uns gespeicherten Daten gel\u00f6scht. Solle ein Vertragsabschluss zustande kommen, werden s\u00e4mtliche Daten, resultierend aus dem Vertragsverh\u00e4ltnis, bis zum Ablauf der steuerrechtlichen Aufbewahrungsfirst (7 Jahre) gespeichert. Die Datenverarbeitung erfolgt auf Basis der gesetzlichen Bestimmungen des \u00a7 96 Abs 3 TKG sowie des Art 6 Abs 1 lit a (Einwilligung) und\/oder lit b (notwendig zur Vertragserf\u00fcllung) der DSGVO.<\/p>\n\n\n\n<p><strong>Cookies<\/strong><\/p>\n\n\n\n<p>Unsere Website verwendet so genannte Cookies. Dabei handelt es sich um kleine Textdateien, die mit Hilfe des Browsers auf Ihrem Endger\u00e4t abgelegt werden. Sie richten keinen Schaden an.<\/p>\n\n\n\n<p>Wir nutzen Cookies dazu, unsere Website funktionst\u00fcchtig anbieten zu k\u00f6nnen. Im Allgemeinen werden Cookies auch dazu verwendet, Benutzereinstellungen zu speichern oder etwa Informationen f\u00fcr z.B. Warenk\u00f6rbe zu behalten. In der Regel verbessern Cookies die Surf-Erfahrung. Es werden nur jene Cookies gesetzt, die zur Nutzung der Website erforderlich sind. Hinsichtlich nicht funktionsbedingt erforderlicher Cookies ersuchen wir in einem Cookie-Fenster um Ihre Einwilligung. Nur wenn diese aktiv erteilt wird, werden Ihre personenbezogenen Daten zum Zweck der benutzerfreundlichen Ausgestaltung verarbeitet, bis Sie Ihre Sitzung durch Verlassen der Website beenden.<\/p>\n\n\n\n<p>Bei der Deaktivierung von Cookies kann die Funktionalit\u00e4t unserer Website eingeschr\u00e4nkt sein.<\/p>\n\n\n\n<p><strong>Soziale Medien<\/strong><\/p>\n\n\n\n<p>Unser Webshop ist mit Facebook und Instagram verkn\u00fcpft. Das bedeutet, dass durch den Besuch unserer Webseite Kundendaten wie Name, Adresse, Telefonnummer und IP-Adressen an Facebook und Instagram \u00fcbermittelt werden. Diese Informationen werden von Facebook und Instagram dazu verwendet, diese Daten mit den Daten, die das Soziale Netzwerk von Ihnen selbst hat, abzugleichen. Wenn Sie also \u00fcber ein Konto bei einem dieser Social-Media-Dienste verf\u00fcgen, k\u00f6nnen diese Daten Ihrem pers\u00f6nlichen Konto zugeordnet werden. Sollten Sie das nicht w\u00fcnschen, loggen Sie sich bitte vor Besuch der Website von Facebook oder Instagram aus.&nbsp;<\/p>\n\n\n\n<p>Neben den Kontaktdaten werden auch \u201eEvent-Daten\u201c \u00fcberbracht. Darunter versteht man Informationen, die wir \u00fcber Sie auf unserer Website erhalten. Also etwa, welche Rubriken sie auf unserer Website besuchen oder welche Produkte Sie bei uns kaufen. Die erhaltenen Informationen werden von Facebook und Instagram nicht mit Drittanbietern, wie etwa Werbetreibenden, geteilt, au\u00dfer das Unternehmen hat eine explizite Genehmigung oder ist rechtlich dazu verpflichtet. Die genannten \u201eEvent-Daten\u201c k\u00f6nnen auch mit Ihren Kontaktdaten verbunden werden. Dadurch wird eine bessere personalisierte Werbung durch Instagram oder Facebook m\u00f6glich.&nbsp;<\/p>\n\n\n\n<p>Nach dem bereits erw\u00e4hnten Abgleichungsprozess l\u00f6scht Facebook die Kontaktdaten wieder. Die \u201eEvent-Daten\u201c werden auch f\u00fcr Sicherheits- und Schutzzwecke verwendet.&nbsp;<\/p>\n\n\n\n<p>Auf die bei den genannten Social-Media-Diensten gespeicherten Daten haben wir keinen Zugriff.&nbsp;<\/p>\n\n\n\n<p>Die folgenden Links f\u00fchren Sie zu den Seiten der jeweiligen Social Media Dienste wo genau erkl\u00e4rt wird, wie Ihre Daten verwendet werden:<\/p>\n\n\n\n<p>Facebook-Datenschutzrichtline:&nbsp;<a href=\"https:\/\/www.facebook.com\/about\/privacy\">https:\/\/www.facebook.com\/about\/privacy<\/a><\/p>\n\n\n\n<p>Instagram-Datenschutzrichtlinie:&nbsp;<a href=\"https:\/\/help.instagram.com\/519522125107875%22%20%5Ct%20%22_blank\">https:\/\/help.instagram.com\/519522125107875<\/a><\/p>\n\n\n\n<p><strong>SSL- bzw. TLS-Verschl\u00fcsselung<\/strong><\/p>\n\n\n\n<p>Diese Seite nutzt aus Sicherheitsgr\u00fcnden und zum Schutz der \u00dcbertragung vertraulicher Inhalte, wie zum Beispiel Bestellungen oder Anfragen, die Sie an uns als Seitenbetreiber senden, eine SSL-bzw. TLS-Verschl\u00fcsselung. Eine verschl\u00fcsselte Verbindung erkennen Sie daran, dass die Adresszeile des Browsers von \u201chttp:\/\/\u201d auf \u201chttps:\/\/\u201d wechselt und an dem Schloss-Symbol in Ihrer Browserzeile.<\/p>\n\n\n\n<p>Wenn die SSL- bzw. TLS-Verschl\u00fcsselung aktiviert ist, k\u00f6nnen die Daten, die Sie an uns \u00fcbermitteln, nicht von Dritten mitgelesen werden.<\/p>\n\n\n\n<p><strong>Server-Log Files<\/strong><\/p>\n\n\n\n<p>Diese Webseite und der damit verbundene Provider erhebt im Zuge der Webseitennutzung automatisch Informationen im Rahmen sogenannter \u201eServer-Log Files\u201c. Dies betrifft insbesondere:<\/p>\n\n\n\n<ul class=\"wp-block-list\">\n<li>Browsertyp und Browserversion<\/li>\n\n\n\n<li>verwendetes Betriebssystem<\/li>\n\n\n\n<li>die Adresse (URL) der aufgerufenen Webseite<\/li>\n\n\n\n<li>die Adresse (URL) der zuvor besuchten Seite (Referrer URL)<\/li>\n\n\n\n<li>Hostname des zugreifenden Rechners<\/li>\n\n\n\n<li>den Hostname und die IP-Adresse des Ger\u00e4ts von welchem aus zugegriffen wird<\/li>\n\n\n\n<li>Datum und Uhrzeit<\/li>\n<\/ul>\n\n\n\n<p>&nbsp;Diese erhobenen Informationen werden nicht personenbezogen verarbeitet oder mit personenbezogenen Daten in Verbindung gebracht. Sie werden in der Regel zwei Wochen gespeichert und danach automatisch gel\u00f6scht. Wir geben diese Daten nicht weiter, k\u00f6nnen jedoch nicht ausschlie\u00dfen, dass diese beim Vorliegen von rechtswidrigem Verhalten eingesehen und \u00fcberpr\u00fcft werden. Die Rechtsgrundlage besteht im berechtigten Interesse daran, einen fehlerfreien Betrieb der Website durch das Erfassen der Webserver-Logfiles zu erm\u00f6glichen.&nbsp;<\/p>\n\n\n\n<p><strong>Google Maps:&nbsp;<\/strong><\/p>\n\n\n\n<p>Unsere Website verwendet Funktionen des Webkartendienstes \u201eGoogle Maps\u201c. Der Dienstanbieter dieser Funktion ist:<\/p>\n\n\n\n<ul class=\"wp-block-list\">\n<li>Google Ireland Limited Gordon House, Barrow Street Dublin 4. Ireland. Tel: +353 1 543 1000<\/li>\n<\/ul>\n\n\n\n<p>Im Zuge der Nutzung von Google Maps ist es notwendig Ihre IP-Adresse zu speichern und zu verarbeiten. Google \u00fcbertr\u00e4gt in der Regel an einen Server in den USA und speichert die Daten dort. Die Verarbeitung geschieht durch den Diensteanbieter (oben genannt), der Betreiber dieser Homepage hat keinen Einfluss auf die \u00dcbertragung der Daten.<\/p>\n\n\n\n<p>Die Datenverarbeitung erfolgt auf Basis der gesetzlichen Bestimmungen des \u00a7 96 Abs 3 TKG sowie des Art 6 Abs 1 lit f (berechtigtes Interesse) der DSGVO. Durch die Einbindung von Google Maps k\u00f6nnen wir Ihnen die wichtigsten Informationen zu den auf der Website angef\u00fchrten Standorten liefern. Es wird Ihnen erm\u00f6glicht, unseren Firmensitz zu sehen und mithilfe der Wegbeschreibung auch den schnellsten Weg zu uns zu finden.&nbsp;<\/p>\n\n\n\n<p>Aufgrund der Einbindung von Google Maps wird auf Ihrem Browser ein Cookie f\u00fcr die Laufzeit von 6 Monaten gespeichert. Es wird verwendet, um Werbeanzeigen an Ihre Google-Suche anzupassen. Google \u201eerinnert\u201c sich dadurch an die von Ihnen am h\u00e4ufigsten eingegebenen Suchanfragen oder Ihre Interaktionen mit Anzeigen. Sie bekommen dadurch ma\u00dfgeschneiderte Werbeanzeigen. Das Cookie enth\u00e4lt eine einzigartige ID, die benutzt wird, um pers\u00f6nliche Einstellungen des Users f\u00fcr Werbezwecke zu sammeln.&nbsp;<\/p>\n\n\n\n<p>Weitere Informationen \u00fcber den Umgang mit Nutzerdaten des Diensteanbieters \u201eGoogle\u201c k\u00f6nnen Sie der Datenschutzerkl\u00e4rung entnehmen:<\/p>\n\n\n\n<p><a href=\"https:\/\/policies.google.com\/privacy?hl=de\" target=\"_blank\" rel=\"noreferrer noopener\">https:\/\/policies.google.com\/privacy?hl=de<\/a><\/p>\n\n\n\n<p>Google verarbeitet die Daten auch in den USA, hat sich jedoch dem<br>EU-US Privacy-Shield unterworfen.<\/p>\n\n\n\n<p><a href=\"https:\/\/www.privacyshield.gov\/EU-US-Framework\" target=\"_blank\" rel=\"noreferrer noopener\">https:\/\/www.privacyshield.gov\/EU-US-Framework<\/a><\/p>\n\n\n\n<p><strong>Ihre Rechte als Betroffener<\/strong><\/p>\n\n\n\n<p>Sie haben jederzeit das Recht unentgeltlich Auskunft \u00fcber Herkunft, Empf\u00e4nger und Zweck Ihrer gespeicherten personenbezogenen Daten zu erhalten. Sie haben au\u00dferdem ein Recht, die Berichtigung, Sperrung oder L\u00f6schung dieser Daten zu verlangen. Hierzu sowie zu weiteren Fragen zum Thema Datenschutz k\u00f6nnen Sie sich jederzeit unter der im Impressum angegebenen Adresse an uns wenden.&nbsp;<\/p>\n\n\n\n<p>Wenn sie vermuten, dass im Zuge der Verarbeitung Ihrer Daten Verst\u00f6\u00dfe gegen das Datenschutzrecht passiert sind, so haben Sie die M\u00f6glichkeit sich bei uns (<a href=\"mailto:office@audi-klaus.at\" target=\"_blank\" rel=\"noreferrer noopener\">office@audi-klaus.at<\/a>) oder der Aufsichtsbeh\u00f6rde zu beschweren.\u00a0<\/p>\n\n\n\n<p>In \u00d6sterreich ist die Datenschutzbeh\u00f6rde zust\u00e4ndig.&nbsp;<\/p>\n\n\n\n<p><strong>Sie erreichen uns unter folgenden Kontaktdaten:<\/strong><\/p>\n\n\n\n<p>Webseitenbetreiber: KFZ Draxlbauer GmbH<br>Adresse: Ein\u00f6dstra\u00dfe 35, 8600 Bruck an der Mur<br>Telefonnummer: 0676\/7942409<br>Email:&nbsp;&nbsp;office@audi-klaus.at<\/p>\n\n\n\n<p>Wir behalten uns das Recht vor, diese Datenschutzerkl\u00e4rung jederzeit unter Beachtung der geltenden Datenschutzvorschriften zu \u00e4ndern. Derzeitiger Stand ist Oktober 2022.<\/p>\n","protected":false},"excerpt":{"rendered":"<p>Die folgenden Hinweise geben einen einfachen \u00dcberblick dar\u00fcber, was mit Ihren personenbezogenen Daten passiert, wenn Sie unsere Website besuchen. Wir erheben und verarbeiten personenbezogene Daten nur auf Grundlage der gesetzlichen Bestimmungen (Datenschutzgrundverordnung, Telekommunikationsgesetz 2003). Sobald Sie als Benutzer auf unsere Webseite zugreifen oder diese besuchen wird Ihre IP-Adresse, Beginn sowie Beginn und Ende der Sitzung [&hellip;]<\/p>\n","protected":false},"author":1,"featured_media":0,"parent":0,"menu_order":8,"comment_status":"closed","ping_status":"closed","template":"","meta":{"footnotes":""},"class_list":["post-108","page","type-page","status-publish","hentry"],"yoast_head":"<!-- This site is optimized with the Yoast SEO plugin v27.4 - https:\/\/yoast.com\/product\/yoast-seo-wordpress\/ -->\n<title>Datenschutzerkl\u00e4rung - Audi-Klaus<\/title>\n<meta name=\"description\" content=\"Audi-Klaus Datenschutzerkl\u00e4rung Audi-Klaus Datenschutzerkl\u00e4rung\" \/>\n<meta name=\"robots\" content=\"index, follow, max-snippet:-1, max-image-preview:large, max-video-preview:-1\" \/>\n<link rel=\"canonical\" href=\"https:\/\/audi-klaus.at\/seite\/datenschutzerklaerung\/\" \/>\n<meta property=\"og:locale\" content=\"de_DE\" \/>\n<meta property=\"og:type\" content=\"article\" \/>\n<meta property=\"og:title\" content=\"Datenschutzerkl\u00e4rung - Audi-Klaus\" \/>\n<meta property=\"og:description\" content=\"Audi-Klaus Datenschutzerkl\u00e4rung Audi-Klaus Datenschutzerkl\u00e4rung\" \/>\n<meta property=\"og:url\" content=\"https:\/\/audi-klaus.at\/seite\/datenschutzerklaerung\/\" \/>\n<meta property=\"og:site_name\" content=\"Audi-Klaus\" \/>\n<meta property=\"article:modified_time\" content=\"2024-01-03T15:00:32+00:00\" \/>\n<meta name=\"twitter:card\" content=\"summary_large_image\" \/>\n<meta name=\"twitter:label1\" content=\"Gesch\u00e4tzte Lesezeit\" \/>\n\t<meta name=\"twitter:data1\" content=\"7\u00a0Minuten\" \/>\n<script type=\"application\/ld+json\" class=\"yoast-schema-graph\">{\"@context\":\"https:\\\/\\\/schema.org\",\"@graph\":[{\"@type\":\"WebPage\",\"@id\":\"https:\\\/\\\/audi-klaus.at\\\/seite\\\/datenschutzerklaerung\\\/\",\"url\":\"https:\\\/\\\/audi-klaus.at\\\/seite\\\/datenschutzerklaerung\\\/\",\"name\":\"Datenschutzerkl\u00e4rung - Audi-Klaus\",\"isPartOf\":{\"@id\":\"https:\\\/\\\/audi-klaus.at\\\/seite\\\/#website\"},\"datePublished\":\"2024-01-03T14:58:16+00:00\",\"dateModified\":\"2024-01-03T15:00:32+00:00\",\"description\":\"Audi-Klaus Datenschutzerkl\u00e4rung Audi-Klaus Datenschutzerkl\u00e4rung\",\"breadcrumb\":{\"@id\":\"https:\\\/\\\/audi-klaus.at\\\/seite\\\/datenschutzerklaerung\\\/#breadcrumb\"},\"inLanguage\":\"de\",\"potentialAction\":[{\"@type\":\"ReadAction\",\"target\":[\"https:\\\/\\\/audi-klaus.at\\\/seite\\\/datenschutzerklaerung\\\/\"]}]},{\"@type\":\"BreadcrumbList\",\"@id\":\"https:\\\/\\\/audi-klaus.at\\\/seite\\\/datenschutzerklaerung\\\/#breadcrumb\",\"itemListElement\":[{\"@type\":\"ListItem\",\"position\":1,\"name\":\"Startseite\",\"item\":\"https:\\\/\\\/audi-klaus.at\\\/seite\\\/\"},{\"@type\":\"ListItem\",\"position\":2,\"name\":\"Datenschutzerkl\u00e4rung\"}]},{\"@type\":\"WebSite\",\"@id\":\"https:\\\/\\\/audi-klaus.at\\\/seite\\\/#website\",\"url\":\"https:\\\/\\\/audi-klaus.at\\\/seite\\\/\",\"name\":\"Audi-Klaus\",\"description\":\"Ihr Gebrauchtteile Spezialist f\u00fcr die Marken Audi \\\/ VW \\\/ Seat \\\/ Skoda (VAG)\",\"publisher\":{\"@id\":\"https:\\\/\\\/audi-klaus.at\\\/seite\\\/#organization\"},\"potentialAction\":[{\"@type\":\"SearchAction\",\"target\":{\"@type\":\"EntryPoint\",\"urlTemplate\":\"https:\\\/\\\/audi-klaus.at\\\/seite\\\/?s={search_term_string}\"},\"query-input\":{\"@type\":\"PropertyValueSpecification\",\"valueRequired\":true,\"valueName\":\"search_term_string\"}}],\"inLanguage\":\"de\"},{\"@type\":\"Organization\",\"@id\":\"https:\\\/\\\/audi-klaus.at\\\/seite\\\/#organization\",\"name\":\"Audi-Klaus\",\"url\":\"https:\\\/\\\/audi-klaus.at\\\/seite\\\/\",\"logo\":{\"@type\":\"ImageObject\",\"inLanguage\":\"de\",\"@id\":\"https:\\\/\\\/audi-klaus.at\\\/seite\\\/#\\\/schema\\\/logo\\\/image\\\/\",\"url\":\"https:\\\/\\\/audi-klaus.at\\\/seite\\\/wp-content\\\/uploads\\\/2024\\\/12\\\/cropped-Logo-Shop.webp\",\"contentUrl\":\"https:\\\/\\\/audi-klaus.at\\\/seite\\\/wp-content\\\/uploads\\\/2024\\\/12\\\/cropped-Logo-Shop.webp\",\"width\":470,\"height\":164,\"caption\":\"Audi-Klaus\"},\"image\":{\"@id\":\"https:\\\/\\\/audi-klaus.at\\\/seite\\\/#\\\/schema\\\/logo\\\/image\\\/\"}}]}<\/script>\n<!-- \/ Yoast SEO plugin. -->","yoast_head_json":{"title":"Datenschutzerkl\u00e4rung - Audi-Klaus","description":"Audi-Klaus Datenschutzerkl\u00e4rung Audi-Klaus Datenschutzerkl\u00e4rung","robots":{"index":"index","follow":"follow","max-snippet":"max-snippet:-1","max-image-preview":"max-image-preview:large","max-video-preview":"max-video-preview:-1"},"canonical":"https:\/\/audi-klaus.at\/seite\/datenschutzerklaerung\/","og_locale":"de_DE","og_type":"article","og_title":"Datenschutzerkl\u00e4rung - Audi-Klaus","og_description":"Audi-Klaus Datenschutzerkl\u00e4rung Audi-Klaus Datenschutzerkl\u00e4rung","og_url":"https:\/\/audi-klaus.at\/seite\/datenschutzerklaerung\/","og_site_name":"Audi-Klaus","article_modified_time":"2024-01-03T15:00:32+00:00","twitter_card":"summary_large_image","twitter_misc":{"Gesch\u00e4tzte Lesezeit":"7\u00a0Minuten"},"schema":{"@context":"https:\/\/schema.org","@graph":[{"@type":"WebPage","@id":"https:\/\/audi-klaus.at\/seite\/datenschutzerklaerung\/","url":"https:\/\/audi-klaus.at\/seite\/datenschutzerklaerung\/","name":"Datenschutzerkl\u00e4rung - Audi-Klaus","isPartOf":{"@id":"https:\/\/audi-klaus.at\/seite\/#website"},"datePublished":"2024-01-03T14:58:16+00:00","dateModified":"2024-01-03T15:00:32+00:00","description":"Audi-Klaus Datenschutzerkl\u00e4rung Audi-Klaus Datenschutzerkl\u00e4rung","breadcrumb":{"@id":"https:\/\/audi-klaus.at\/seite\/datenschutzerklaerung\/#breadcrumb"},"inLanguage":"de","potentialAction":[{"@type":"ReadAction","target":["https:\/\/audi-klaus.at\/seite\/datenschutzerklaerung\/"]}]},{"@type":"BreadcrumbList","@id":"https:\/\/audi-klaus.at\/seite\/datenschutzerklaerung\/#breadcrumb","itemListElement":[{"@type":"ListItem","position":1,"name":"Startseite","item":"https:\/\/audi-klaus.at\/seite\/"},{"@type":"ListItem","position":2,"name":"Datenschutzerkl\u00e4rung"}]},{"@type":"WebSite","@id":"https:\/\/audi-klaus.at\/seite\/#website","url":"https:\/\/audi-klaus.at\/seite\/","name":"Audi-Klaus","description":"Ihr Gebrauchtteile Spezialist f\u00fcr die Marken Audi \/ VW \/ Seat \/ Skoda (VAG)","publisher":{"@id":"https:\/\/audi-klaus.at\/seite\/#organization"},"potentialAction":[{"@type":"SearchAction","target":{"@type":"EntryPoint","urlTemplate":"https:\/\/audi-klaus.at\/seite\/?s={search_term_string}"},"query-input":{"@type":"PropertyValueSpecification","valueRequired":true,"valueName":"search_term_string"}}],"inLanguage":"de"},{"@type":"Organization","@id":"https:\/\/audi-klaus.at\/seite\/#organization","name":"Audi-Klaus","url":"https:\/\/audi-klaus.at\/seite\/","logo":{"@type":"ImageObject","inLanguage":"de","@id":"https:\/\/audi-klaus.at\/seite\/#\/schema\/logo\/image\/","url":"https:\/\/audi-klaus.at\/seite\/wp-content\/uploads\/2024\/12\/cropped-Logo-Shop.webp","contentUrl":"https:\/\/audi-klaus.at\/seite\/wp-content\/uploads\/2024\/12\/cropped-Logo-Shop.webp","width":470,"height":164,"caption":"Audi-Klaus"},"image":{"@id":"https:\/\/audi-klaus.at\/seite\/#\/schema\/logo\/image\/"}}]}},"_links":{"self":[{"href":"https:\/\/audi-klaus.at\/seite\/wp-json\/wp\/v2\/pages\/108","targetHints":{"allow":["GET"]}}],"collection":[{"href":"https:\/\/audi-klaus.at\/seite\/wp-json\/wp\/v2\/pages"}],"about":[{"href":"https:\/\/audi-klaus.at\/seite\/wp-json\/wp\/v2\/types\/page"}],"author":[{"embeddable":true,"href":"https:\/\/audi-klaus.at\/seite\/wp-json\/wp\/v2\/users\/1"}],"replies":[{"embeddable":true,"href":"https:\/\/audi-klaus.at\/seite\/wp-json\/wp\/v2\/comments?post=108"}],"version-history":[{"count":0,"href":"https:\/\/audi-klaus.at\/seite\/wp-json\/wp\/v2\/pages\/108\/revisions"}],"wp:attachment":[{"href":"https:\/\/audi-klaus.at\/seite\/wp-json\/wp\/v2\/media?parent=108"}],"curies":[{"name":"wp","href":"https:\/\/api.w.org\/{rel}","templated":true}]}}